{"id":46,"date":"2025-04-30T21:56:21","date_gmt":"2025-04-30T19:56:21","guid":{"rendered":"https:\/\/www.sarahsjostrom.se\/?page_id=46"},"modified":"2025-05-01T14:18:40","modified_gmt":"2025-05-01T12:18:40","slug":"om-mig","status":"publish","type":"page","link":"https:\/\/www.sarahsjostrom.se\/index.php\/om-mig\/","title":{"rendered":"Om mig"},"content":{"rendered":"\n<figure class=\"wp-block-image size-large is-resized\"><img loading=\"lazy\" decoding=\"async\" width=\"1024\" height=\"683\" src=\"https:\/\/www.sarahsjostrom.se\/wp-content\/uploads\/2025\/04\/IMG_2658-1024x683.jpeg\" alt=\"\" class=\"wp-image-54\" style=\"width:494px;height:auto\" srcset=\"https:\/\/www.sarahsjostrom.se\/wp-content\/uploads\/2025\/04\/IMG_2658-1024x683.jpeg 1024w, https:\/\/www.sarahsjostrom.se\/wp-content\/uploads\/2025\/04\/IMG_2658-300x200.jpeg 300w, https:\/\/www.sarahsjostrom.se\/wp-content\/uploads\/2025\/04\/IMG_2658-768x512.jpeg 768w, https:\/\/www.sarahsjostrom.se\/wp-content\/uploads\/2025\/04\/IMG_2658-1536x1024.jpeg 1536w, https:\/\/www.sarahsjostrom.se\/wp-content\/uploads\/2025\/04\/IMG_2658-2048x1365.jpeg 2048w\" sizes=\"auto, (max-width: 1024px) 100vw, 1024px\" \/><\/figure>\n\n\n\n<h2 class=\"wp-block-heading\">Om mig <\/h2>\n\n\n\n<details class=\"wp-block-details is-layout-flow wp-block-details-is-layout-flow\"><summary>Jag heter Sarah Fredrica Sj\u00f6str\u00f6m. F\u00f6dd 1993 och bor i Stockholm&#8230; (Tryck f\u00f6r mer text&#8230;) <\/summary>\n<p>N\u00e4r jag var omkring 9\u201310 \u00e5r gammal b\u00f6rjade jag simma i S\u00f6dert\u00f6rns Sims\u00e4llskap.<\/p>\n\n\n\n<p>Jag har haft \u00e4ran att delta i fem olympiska spel: 2008, 2012, 2016, 2020 och 2024. Under OS i Rio 2016 blev det en fantastisk prestation med guld, silver, brons och ett v\u00e4rldsrekord. I Tokyo 2020 tog jag silver \u2013 en medalj som f\u00f6r mig k\u00e4ndes som guld. I Paris 2024 \u00f6vertr\u00e4ffade jag mina egna f\u00f6rv\u00e4ntningar genom att ta dubbla guld p\u00e5 50 och 100 meter frisim.<\/p>\n\n\n\n<p>Redan som 14-\u00e5ring tog jag EM-guld p\u00e5 100 meter fj\u00e4rilsim \u2013 och det i seniorklassen. Sedan dess har jag samlat p\u00e5 mig n\u00e4ra 100 medaljer fr\u00e5n EM, VM och OS, samt satt ett tiotal v\u00e4rldsrekord.<br>Ut\u00f6ver medaljerna har jag \u00e4ven mottagit Jerringpriset och Bragdguldet, samt blivit hyllad ett flertal g\u00e5nger p\u00e5 Idrottsgalan.<br><br><\/p>\n\n\n\n<figure class=\"wp-block-gallery has-nested-images columns-default is-cropped wp-block-gallery-1 is-layout-flex wp-block-gallery-is-layout-flex\">\n<figure class=\"wp-block-image size-large\"><img loading=\"lazy\" decoding=\"async\" width=\"1024\" height=\"683\" data-id=\"48\" src=\"https:\/\/www.sarahsjostrom.se\/wp-content\/uploads\/2025\/04\/IMG_4679-1024x683.jpeg\" alt=\"\" class=\"wp-image-48\" srcset=\"https:\/\/www.sarahsjostrom.se\/wp-content\/uploads\/2025\/04\/IMG_4679-1024x683.jpeg 1024w, https:\/\/www.sarahsjostrom.se\/wp-content\/uploads\/2025\/04\/IMG_4679-300x200.jpeg 300w, https:\/\/www.sarahsjostrom.se\/wp-content\/uploads\/2025\/04\/IMG_4679-768x512.jpeg 768w, https:\/\/www.sarahsjostrom.se\/wp-content\/uploads\/2025\/04\/IMG_4679-1536x1024.jpeg 1536w, https:\/\/www.sarahsjostrom.se\/wp-content\/uploads\/2025\/04\/IMG_4679-2048x1365.jpeg 2048w\" sizes=\"auto, (max-width: 1024px) 100vw, 1024px\" \/><figcaption class=\"wp-element-caption\">Silver OS Tokyo <\/figcaption><\/figure>\n<\/figure>\n\n\n\n<figure class=\"wp-block-gallery has-nested-images columns-default is-cropped wp-block-gallery-2 is-layout-flex wp-block-gallery-is-layout-flex\">\n<figure class=\"wp-block-image size-large\"><img loading=\"lazy\" decoding=\"async\" width=\"1024\" height=\"683\" data-id=\"49\" src=\"https:\/\/www.sarahsjostrom.se\/wp-content\/uploads\/2025\/04\/IMG_9101-1024x683.jpeg\" alt=\"\" class=\"wp-image-49\" srcset=\"https:\/\/www.sarahsjostrom.se\/wp-content\/uploads\/2025\/04\/IMG_9101-1024x683.jpeg 1024w, https:\/\/www.sarahsjostrom.se\/wp-content\/uploads\/2025\/04\/IMG_9101-300x200.jpeg 300w, https:\/\/www.sarahsjostrom.se\/wp-content\/uploads\/2025\/04\/IMG_9101-768x512.jpeg 768w, https:\/\/www.sarahsjostrom.se\/wp-content\/uploads\/2025\/04\/IMG_9101-1536x1024.jpeg 1536w, https:\/\/www.sarahsjostrom.se\/wp-content\/uploads\/2025\/04\/IMG_9101-2048x1365.jpeg 2048w\" sizes=\"auto, (max-width: 1024px) 100vw, 1024px\" \/><figcaption class=\"wp-element-caption\"><br>Photo: Joel Marklund \/ BILDBYR\u00c5N <\/figcaption><\/figure>\n<\/figure>\n<\/details>\n","protected":false},"excerpt":{"rendered":"<p>Om mig<\/p>\n","protected":false},"author":1,"featured_media":0,"parent":0,"menu_order":0,"comment_status":"closed","ping_status":"closed","template":"blank","meta":{"footnotes":""},"class_list":["post-46","page","type-page","status-publish","hentry"],"_links":{"self":[{"href":"https:\/\/www.sarahsjostrom.se\/index.php\/wp-json\/wp\/v2\/pages\/46","targetHints":{"allow":["GET"]}}],"collection":[{"href":"https:\/\/www.sarahsjostrom.se\/index.php\/wp-json\/wp\/v2\/pages"}],"about":[{"href":"https:\/\/www.sarahsjostrom.se\/index.php\/wp-json\/wp\/v2\/types\/page"}],"author":[{"embeddable":true,"href":"https:\/\/www.sarahsjostrom.se\/index.php\/wp-json\/wp\/v2\/users\/1"}],"replies":[{"embeddable":true,"href":"https:\/\/www.sarahsjostrom.se\/index.php\/wp-json\/wp\/v2\/comments?post=46"}],"version-history":[{"count":4,"href":"https:\/\/www.sarahsjostrom.se\/index.php\/wp-json\/wp\/v2\/pages\/46\/revisions"}],"predecessor-version":[{"id":55,"href":"https:\/\/www.sarahsjostrom.se\/index.php\/wp-json\/wp\/v2\/pages\/46\/revisions\/55"}],"wp:attachment":[{"href":"https:\/\/www.sarahsjostrom.se\/index.php\/wp-json\/wp\/v2\/media?parent=46"}],"curies":[{"name":"wp","href":"https:\/\/api.w.org\/{rel}","templated":true}]}}